{"id":68,"date":"2023-07-18T16:13:51","date_gmt":"2023-07-18T14:13:51","guid":{"rendered":"http:\/\/cpcf-films.fr\/?page_id=68"},"modified":"2023-07-18T16:15:56","modified_gmt":"2023-07-18T14:15:56","slug":"membres","status":"publish","type":"page","link":"https:\/\/cpcf-films.fr\/index.php\/membres\/","title":{"rendered":"Membres"},"content":{"rendered":"\n<p>Chaque membre du Club des Producteurs du Cin\u00e9ma Fran\u00e7ais, acc\u00e8de \u00e0 certains privil\u00e8ges exclusifs, tels que&nbsp;:<\/p>\n\n\n\n<ul class=\"wp-block-list\">\n<li>L\u2019acc\u00e8s au tournage avec invitation \u00e0 la cantine du tournage avec les acteurs.<\/li>\n\n\n\n<li>Des DVDs du film<\/li>\n\n\n\n<li>Des DVDs d\u00e9dicac\u00e9s<\/li>\n\n\n\n<li>Des invitations&nbsp; pour le visionnage du film en salle<\/li>\n\n\n\n<li>Des invitations aux avant-premi\u00e8res du film<\/li>\n\n\n\n<li>Des invitations aux soir\u00e9es post-tournage<\/li>\n<\/ul>\n\n\n\n<p>Il s\u2019agit d\u2019une liste non exhaustive des privil\u00e8ges. Elles d\u00e9pendent du contrat n\u00e9goci\u00e9 entre le producteur d\u00e9l\u00e9gu\u00e9 et la soci\u00e9t\u00e9 CPCF<\/p>\n\n\n\n<p>Les actionnaires rentrent dans le club tr\u00e8s privil\u00e9gi\u00e9 du cin\u00e9ma impliquant tout le glamour et le statut que cela implique. Vous \u00eates r\u00e9pertori\u00e9s en tant que producteur du cin\u00e9ma fran\u00e7ais.<\/p>\n\n\n\n<p>La carte est exp\u00e9di\u00e9e dans le mois suivant votre souscription. Nous vous attribuons un num\u00e9ro de membre unique vous permettant d\u2019acc\u00e9der \u00e0 tous ces privil\u00e8ges.<\/p>\n","protected":false},"excerpt":{"rendered":"<p>Chaque membre du Club des Producteurs du Cin\u00e9ma Fran\u00e7ais, acc\u00e8de \u00e0 certains privil\u00e8ges exclusifs, tels que&nbsp;: Il s\u2019agit d\u2019une liste non exhaustive des privil\u00e8ges. Elles d\u00e9pendent du contrat n\u00e9goci\u00e9 entre le producteur d\u00e9l\u00e9gu\u00e9 et la soci\u00e9t\u00e9 CPCF Les actionnaires rentrent dans le club tr\u00e8s privil\u00e9gi\u00e9 du cin\u00e9ma impliquant tout le glamour et le statut que [&hellip;]<\/p>\n","protected":false},"author":1,"featured_media":0,"parent":0,"menu_order":0,"comment_status":"closed","ping_status":"closed","template":"","meta":{"footnotes":""},"class_list":["post-68","page","type-page","status-publish","hentry"],"_links":{"self":[{"href":"https:\/\/cpcf-films.fr\/index.php\/wp-json\/wp\/v2\/pages\/68","targetHints":{"allow":["GET"]}}],"collection":[{"href":"https:\/\/cpcf-films.fr\/index.php\/wp-json\/wp\/v2\/pages"}],"about":[{"href":"https:\/\/cpcf-films.fr\/index.php\/wp-json\/wp\/v2\/types\/page"}],"author":[{"embeddable":true,"href":"https:\/\/cpcf-films.fr\/index.php\/wp-json\/wp\/v2\/users\/1"}],"replies":[{"embeddable":true,"href":"https:\/\/cpcf-films.fr\/index.php\/wp-json\/wp\/v2\/comments?post=68"}],"version-history":[{"count":3,"href":"https:\/\/cpcf-films.fr\/index.php\/wp-json\/wp\/v2\/pages\/68\/revisions"}],"predecessor-version":[{"id":72,"href":"https:\/\/cpcf-films.fr\/index.php\/wp-json\/wp\/v2\/pages\/68\/revisions\/72"}],"wp:attachment":[{"href":"https:\/\/cpcf-films.fr\/index.php\/wp-json\/wp\/v2\/media?parent=68"}],"curies":[{"name":"wp","href":"https:\/\/api.w.org\/{rel}","templated":true}]}}