{"id":6,"date":"2023-07-17T18:27:53","date_gmt":"2023-07-17T16:27:53","guid":{"rendered":"http:\/\/cpcf-films.fr\/?page_id=6"},"modified":"2023-07-18T09:46:48","modified_gmt":"2023-07-18T07:46:48","slug":"un-acces-privilegie-aux-coulisses","status":"publish","type":"page","link":"https:\/\/cpcf-films.fr\/","title":{"rendered":"Un Acc\u00e8s Privil\u00e9gi\u00e9 aux Coulisses"},"content":{"rendered":"\n<p><strong><br>Le Club des producteurs du cin\u00e9ma francais (CPCF)&nbsp;<\/strong>est une&nbsp;soci\u00e9t\u00e9 de production d\u2019\u0153uvres cin\u00e9matographiques.&nbsp;<\/p>\n\n\n\n<p>Elle a \u00e9t\u00e9 cr\u00e9\u00e9e afin de participer au financement de longs m\u00e9trages.&nbsp;<\/p>\n\n\n\n<p>Un producteur devient&nbsp;<strong>membre du club<\/strong>&nbsp;en souscrivant au&nbsp;<strong>capital de la soci\u00e9t\u00e9 CPCF.&nbsp;<\/strong><\/p>\n\n\n\n<p>&#8220;Le club&#8221; vous apporte un statut et des<strong>&nbsp;avantages<\/strong>&nbsp;uniques, le tout associ\u00e9 au&nbsp;<strong>glamour du cin\u00e9ma Francais.<\/strong>&nbsp;<\/p>\n\n\n\n<p>En devenant membre, vous b\u00e9n\u00e9ficiez d&#8217;<strong>avantages fiscaux<\/strong>&nbsp;gr\u00e2ce aux lois Dutreil (Impot sur le revenu) et TEPA (impot sur la fortune): CPCF s\u2019attache \u00e0 proposer un investissement exclusif qui permet \u00e0 des investisseurs priv\u00e9s de d\u00e9fiscaliser \u00e0 hauteur de 18% leur investissement sur l\u2019IR ou 50% leur investissement sur leur facture ISF.&nbsp;<\/p>\n\n\n\n<p>Une fois membre du club, vous recevez un&nbsp;<strong>certifica<\/strong>t de d\u00e9tention de Parts.<\/p>\n\n\n\n<p>L&#8217;\u00e9volution des recettes du film&nbsp;(sortie en salle, en DVD, en VOD) EST communiqu\u00e9e en permanence d\u00e8s que les donn\u00e9es sont disponibles.<\/p>\n\n\n<div class=\"wp-block-image\">\n<figure class=\"aligncenter size-large\"><img loading=\"lazy\" decoding=\"async\" width=\"1024\" height=\"682\" src=\"http:\/\/cpcf-films.fr\/wp-content\/uploads\/2023\/07\/tournage.jpg-1024x682.webp\" alt=\"\" class=\"wp-image-38\" srcset=\"https:\/\/cpcf-films.fr\/wp-content\/uploads\/2023\/07\/tournage.jpg-1024x682.webp 1024w, https:\/\/cpcf-films.fr\/wp-content\/uploads\/2023\/07\/tournage.jpg-300x200.webp 300w, https:\/\/cpcf-films.fr\/wp-content\/uploads\/2023\/07\/tournage.jpg-768x511.webp 768w, https:\/\/cpcf-films.fr\/wp-content\/uploads\/2023\/07\/tournage.jpg-1536x1023.webp 1536w, https:\/\/cpcf-films.fr\/wp-content\/uploads\/2023\/07\/tournage.jpg.webp 1808w\" sizes=\"auto, (max-width: 1024px) 100vw, 1024px\" \/><\/figure>\n<\/div>","protected":false},"excerpt":{"rendered":"<p>Le Club des producteurs du cin\u00e9ma francais (CPCF)&nbsp;est une&nbsp;soci\u00e9t\u00e9 de production d\u2019\u0153uvres cin\u00e9matographiques.&nbsp; Elle a \u00e9t\u00e9 cr\u00e9\u00e9e afin de participer au financement de longs m\u00e9trages.&nbsp; Un producteur devient&nbsp;membre du club&nbsp;en souscrivant au&nbsp;capital de la soci\u00e9t\u00e9 CPCF.&nbsp; &#8220;Le club&#8221; vous apporte un statut et des&nbsp;avantages&nbsp;uniques, le tout associ\u00e9 au&nbsp;glamour du cin\u00e9ma Francais.&nbsp; En devenant membre, vous [&hellip;]<\/p>\n","protected":false},"author":1,"featured_media":0,"parent":0,"menu_order":0,"comment_status":"closed","ping_status":"closed","template":"","meta":{"footnotes":""},"class_list":["post-6","page","type-page","status-publish","hentry"],"_links":{"self":[{"href":"https:\/\/cpcf-films.fr\/index.php\/wp-json\/wp\/v2\/pages\/6","targetHints":{"allow":["GET"]}}],"collection":[{"href":"https:\/\/cpcf-films.fr\/index.php\/wp-json\/wp\/v2\/pages"}],"about":[{"href":"https:\/\/cpcf-films.fr\/index.php\/wp-json\/wp\/v2\/types\/page"}],"author":[{"embeddable":true,"href":"https:\/\/cpcf-films.fr\/index.php\/wp-json\/wp\/v2\/users\/1"}],"replies":[{"embeddable":true,"href":"https:\/\/cpcf-films.fr\/index.php\/wp-json\/wp\/v2\/comments?post=6"}],"version-history":[{"count":3,"href":"https:\/\/cpcf-films.fr\/index.php\/wp-json\/wp\/v2\/pages\/6\/revisions"}],"predecessor-version":[{"id":39,"href":"https:\/\/cpcf-films.fr\/index.php\/wp-json\/wp\/v2\/pages\/6\/revisions\/39"}],"wp:attachment":[{"href":"https:\/\/cpcf-films.fr\/index.php\/wp-json\/wp\/v2\/media?parent=6"}],"curies":[{"name":"wp","href":"https:\/\/api.w.org\/{rel}","templated":true}]}}