{"id":19,"date":"2023-07-17T18:36:07","date_gmt":"2023-07-17T16:36:07","guid":{"rendered":"http:\/\/cpcf-films.fr\/?page_id=19"},"modified":"2023-07-18T09:40:09","modified_gmt":"2023-07-18T07:40:09","slug":"the-promise","status":"publish","type":"page","link":"https:\/\/cpcf-films.fr\/index.php\/the-promise\/","title":{"rendered":"THE PROMISE"},"content":{"rendered":"<div class=\"wp-block-image\">\n<figure class=\"alignright size-full\"><img loading=\"lazy\" decoding=\"async\" width=\"362\" height=\"272\" src=\"http:\/\/cpcf-films.fr\/wp-content\/uploads\/2023\/07\/PromiseAffiche.webp\" alt=\"\" class=\"wp-image-30\" srcset=\"https:\/\/cpcf-films.fr\/wp-content\/uploads\/2023\/07\/PromiseAffiche.webp 362w, https:\/\/cpcf-films.fr\/wp-content\/uploads\/2023\/07\/PromiseAffiche-300x225.webp 300w\" sizes=\"auto, (max-width: 362px) 100vw, 362px\" \/><\/figure>\n<\/div>\n\n\n<p>Titre&nbsp;:&nbsp;THE PROMISE<br>Pays&nbsp;: USA<br>Ann\u00e9e de production&nbsp;:&nbsp;2015<br>Sortie USA: 21 avril 2017<br>Date de sortie pr\u00e9visionnelle &nbsp;France: &nbsp;fin 2017 \/ d\u00e9but 2018<br>Romance, drame<\/p>\n\n\n\n<h2 class=\"wp-block-heading\">Synopsis&nbsp;:&nbsp;<\/h2>\n\n\n\n<p>1922, dans les derniers jours de l&#8217;Empire Ottoman. Un journaliste am\u00e9ricain et un \u00e9tudiant en m\u00e9decine se disputent les faveurs d&#8217;une jeune femme.<\/p>\n\n\n<div class=\"wp-block-image\">\n<figure class=\"alignright size-full is-resized\"><img loading=\"lazy\" decoding=\"async\" src=\"http:\/\/cpcf-films.fr\/wp-content\/uploads\/2023\/07\/PromiseActors.webp\" alt=\"\" class=\"wp-image-31\" width=\"438\" height=\"286\" srcset=\"https:\/\/cpcf-films.fr\/wp-content\/uploads\/2023\/07\/PromiseActors.webp 722w, https:\/\/cpcf-films.fr\/wp-content\/uploads\/2023\/07\/PromiseActors-300x196.webp 300w\" sizes=\"auto, (max-width: 438px) 100vw, 438px\" \/><\/figure>\n<\/div>\n\n\n<h2 class=\"wp-block-heading\">Casting&nbsp;:<\/h2>\n\n\n\n<p>OSCAR ISAAC, CHRISTIAN BALE, CHARLOTTE LE BON, JEAN RENO<\/p>\n\n\n\n<h2 class=\"wp-block-heading\">Fiche technique<\/h2>\n\n\n\n<p>R\u00e9alisation &amp; Sc\u00e9nario : Terry George<br>Producteur d\u00e9l\u00e9gu\u00e9 : MIKE MEDAVOY PRODUCTION<br>Dur\u00e9e du Film : 2 H 13<br>Distributeur: CPCF 4 et Films sans Fronti\u00e8res<br>Partenaire : FILMS SANS FRONTIERES, SURVIVAL PICTURES, Kirk Kerkorian<\/p>\n","protected":false},"excerpt":{"rendered":"<p>Titre&nbsp;:&nbsp;THE PROMISEPays&nbsp;: USAAnn\u00e9e de production&nbsp;:&nbsp;2015Sortie USA: 21 avril 2017Date de sortie pr\u00e9visionnelle &nbsp;France: &nbsp;fin 2017 \/ d\u00e9but 2018Romance, drame Synopsis&nbsp;:&nbsp; 1922, dans les derniers jours de l&#8217;Empire Ottoman. Un journaliste am\u00e9ricain et un \u00e9tudiant en m\u00e9decine se disputent les faveurs d&#8217;une jeune femme. Casting&nbsp;: OSCAR ISAAC, CHRISTIAN BALE, CHARLOTTE LE BON, JEAN RENO Fiche technique [&hellip;]<\/p>\n","protected":false},"author":1,"featured_media":0,"parent":0,"menu_order":0,"comment_status":"closed","ping_status":"closed","template":"","meta":{"footnotes":""},"class_list":["post-19","page","type-page","status-publish","hentry"],"_links":{"self":[{"href":"https:\/\/cpcf-films.fr\/index.php\/wp-json\/wp\/v2\/pages\/19","targetHints":{"allow":["GET"]}}],"collection":[{"href":"https:\/\/cpcf-films.fr\/index.php\/wp-json\/wp\/v2\/pages"}],"about":[{"href":"https:\/\/cpcf-films.fr\/index.php\/wp-json\/wp\/v2\/types\/page"}],"author":[{"embeddable":true,"href":"https:\/\/cpcf-films.fr\/index.php\/wp-json\/wp\/v2\/users\/1"}],"replies":[{"embeddable":true,"href":"https:\/\/cpcf-films.fr\/index.php\/wp-json\/wp\/v2\/comments?post=19"}],"version-history":[{"count":4,"href":"https:\/\/cpcf-films.fr\/index.php\/wp-json\/wp\/v2\/pages\/19\/revisions"}],"predecessor-version":[{"id":33,"href":"https:\/\/cpcf-films.fr\/index.php\/wp-json\/wp\/v2\/pages\/19\/revisions\/33"}],"wp:attachment":[{"href":"https:\/\/cpcf-films.fr\/index.php\/wp-json\/wp\/v2\/media?parent=19"}],"curies":[{"name":"wp","href":"https:\/\/api.w.org\/{rel}","templated":true}]}}