{"id":17,"date":"2023-07-17T18:35:15","date_gmt":"2023-07-17T16:35:15","guid":{"rendered":"http:\/\/cpcf-films.fr\/?page_id=17"},"modified":"2023-07-18T11:01:08","modified_gmt":"2023-07-18T09:01:08","slug":"le-rire-de-ma-mere","status":"publish","type":"page","link":"https:\/\/cpcf-films.fr\/index.php\/le-rire-de-ma-mere\/","title":{"rendered":"LE RIRE DE MA MERE"},"content":{"rendered":"\n<p>\u200b<\/p>\n\n\n<div class=\"wp-block-image\">\n<figure class=\"alignright\"><img decoding=\"async\" src=\"https:\/\/static.wixstatic.com\/media\/9d681f_bce0d01b3e9843f295f029028b280cd3~mv2.jpg\/v1\/fill\/w_394,h_504,al_c,q_80,usm_0.66_1.00_0.01,enc_auto\/9d681f_bce0d01b3e9843f295f029028b280cd3~mv2.jpg\" alt=\"\"\/><\/figure>\n<\/div>\n\n<div class=\"wp-block-image\">\n<figure class=\"alignright\"><img decoding=\"async\" src=\"https:\/\/static.wixstatic.com\/media\/9d681f_ee69bbd99e0b467b8baac73e1e37cc04~mv2.jpg\/v1\/fill\/w_408,h_408,al_c,q_80,usm_0.66_1.00_0.01,enc_auto\/9d681f_ee69bbd99e0b467b8baac73e1e37cc04~mv2.jpg\" alt=\"\"\/><\/figure>\n<\/div>\n\n\n<p>Titre\u00a0:\u00a0LE RIRE DE MA MERE<br>Pays\u00a0:\u00a0France<br>Ann\u00e9e de production\u00a0:\u00a02016<br>Date de sortie pr\u00e9visionnelle : novembre 2017\u00a0<br>Com\u00e9die Dramatique<\/p>\n\n\n\n<h2 class=\"wp-block-heading\">Synopsis\u00a0:\u00a0<\/h2>\n\n\n\n<p>Adrien, onze ans, est un enfant anxieux et contemplatif. Il partage son temps entre ses parents divorc\u00e9s : Romain, homme rassurant, qui a refait sa vie avec Gabrielle, et Marie, m\u00e8re impulsive et passionn\u00e9e. Il est amoureux d&#8217;Elsa qu\u2019il observe \u00e0 l\u2019atelier de th\u00e9\u00e2tre du Coll\u00e8ge, sans oser y participer. Un jour, Adrien est t\u00e9moin d\u2019un \u00e9v\u00e9nement qui va bouleverser la vie de Marie et de toute la famille&#8230;<\/p>\n\n\n\n<h2 class=\"wp-block-heading\">Casting\u00a0: <\/h2>\n\n\n\n<p>SUZANNE CLEMENT, PASCAL DEMOLON\u00a0<\/p>\n\n\n\n<h2 class=\"wp-block-heading\">Fiche technique<\/h2>\n\n\n\n<p>R\u00e9alisation &amp; Sc\u00e9nario : Colombe Savignac et Pascal Ralite<br>Producteur : Pierre Kubel, Marie Castille Mention-Schaar \u2013 Vendredi FILMS, LOMA NASHA FILMS<br>R\u00e9alisateurs : Colombe Savignac et Pascal Ralite<br>Producteur d\u00e9l\u00e9gu\u00e9 : LOMA NASHA FILMS \u00a0<br>Dur\u00e9e du Film : 100 minutes<br>Distributeur: La belle Company<br>Partenaire : OCS, NEXUS FACTORY<\/p>\n","protected":false},"excerpt":{"rendered":"<p>\u200b Titre\u00a0:\u00a0LE RIRE DE MA MEREPays\u00a0:\u00a0FranceAnn\u00e9e de production\u00a0:\u00a02016Date de sortie pr\u00e9visionnelle : novembre 2017\u00a0Com\u00e9die Dramatique Synopsis\u00a0:\u00a0 Adrien, onze ans, est un enfant anxieux et contemplatif. Il partage son temps entre ses parents divorc\u00e9s : Romain, homme rassurant, qui a refait sa vie avec Gabrielle, et Marie, m\u00e8re impulsive et passionn\u00e9e. Il est amoureux d&#8217;Elsa qu\u2019il [&hellip;]<\/p>\n","protected":false},"author":1,"featured_media":0,"parent":0,"menu_order":0,"comment_status":"closed","ping_status":"closed","template":"","meta":{"footnotes":""},"class_list":["post-17","page","type-page","status-publish","hentry"],"_links":{"self":[{"href":"https:\/\/cpcf-films.fr\/index.php\/wp-json\/wp\/v2\/pages\/17","targetHints":{"allow":["GET"]}}],"collection":[{"href":"https:\/\/cpcf-films.fr\/index.php\/wp-json\/wp\/v2\/pages"}],"about":[{"href":"https:\/\/cpcf-films.fr\/index.php\/wp-json\/wp\/v2\/types\/page"}],"author":[{"embeddable":true,"href":"https:\/\/cpcf-films.fr\/index.php\/wp-json\/wp\/v2\/users\/1"}],"replies":[{"embeddable":true,"href":"https:\/\/cpcf-films.fr\/index.php\/wp-json\/wp\/v2\/comments?post=17"}],"version-history":[{"count":3,"href":"https:\/\/cpcf-films.fr\/index.php\/wp-json\/wp\/v2\/pages\/17\/revisions"}],"predecessor-version":[{"id":51,"href":"https:\/\/cpcf-films.fr\/index.php\/wp-json\/wp\/v2\/pages\/17\/revisions\/51"}],"wp:attachment":[{"href":"https:\/\/cpcf-films.fr\/index.php\/wp-json\/wp\/v2\/media?parent=17"}],"curies":[{"name":"wp","href":"https:\/\/api.w.org\/{rel}","templated":true}]}}