{"id":15,"date":"2023-07-17T18:33:16","date_gmt":"2023-07-17T16:33:16","guid":{"rendered":"http:\/\/cpcf-films.fr\/?page_id=15"},"modified":"2023-07-18T10:59:27","modified_gmt":"2023-07-18T08:59:27","slug":"si-tu-voyais-son-coeur","status":"publish","type":"page","link":"https:\/\/cpcf-films.fr\/index.php\/si-tu-voyais-son-coeur\/","title":{"rendered":"SI TU VOYAIS SON\u00a0C\u0152UR"},"content":{"rendered":"<div class=\"wp-block-image\">\n<figure class=\"alignright\"><img decoding=\"async\" src=\"https:\/\/static.wixstatic.com\/media\/9d681f_b7f6f71578b8493890d054de83db6be4~mv2.jpg\/v1\/fill\/w_482,h_594,al_c,q_80,usm_0.66_1.00_0.01,enc_auto\/9d681f_b7f6f71578b8493890d054de83db6be4~mv2.jpg\" alt=\"\"\/><\/figure>\n<\/div>\n\n<div class=\"wp-block-image\">\n<figure class=\"alignright\"><img decoding=\"async\" src=\"https:\/\/static.wixstatic.com\/media\/9d681f_3a47bc7074464deb922e712058c5a4b8~mv2.jpg\/v1\/fill\/w_478,h_358,al_c,q_80,usm_0.66_1.00_0.01,enc_auto\/9d681f_3a47bc7074464deb922e712058c5a4b8~mv2.jpg\" alt=\"\"\/><\/figure>\n<\/div>\n\n\n<p>Titre\u00a0:\u00a0SI TU VOYAIS SON COEUR<br>Pays\u00a0:\u00a0France<br>Ann\u00e9e de production\u00a0:\u00a02016<br>Date de sortie pr\u00e9visionnelle : \u00a0fin\u00a02017<br>Thriller, drame<\/p>\n\n\n\n<p>\u200b<\/p>\n\n\n\n<h2 class=\"wp-block-heading\">Synopsis\u00a0:\u00a0<\/h2>\n\n\n\n<p>Suite \u00e0 la mort accidentelle de son meilleur ami, Daniel \u00e9choue \u00e0 l\u2019h\u00f4tel M\u00e9tropole, un refuge pour les exclus et les \u00e2mes perdues. Rong\u00e9 par la culpabilit\u00e9, il sombre peu \u00e0 peu dans la violence qui l&#8217;entoure. Sa rencontre avec Francine va \u00e9clairer son existence<\/p>\n\n\n\n<h2 class=\"wp-block-heading\">Casting\u00a0:<\/h2>\n\n\n\n<p>GAEL GARCIA BERNAL, MARINE VACTH<\/p>\n\n\n\n<h2 class=\"wp-block-heading\">Fiche technique<\/h2>\n\n\n\n<p>R\u00e9alisation &amp; Sc\u00e9nario : Joan CHEMLA<br>Producteur d\u00e9l\u00e9gu\u00e9 : NORD OUEST PRODUCTION<br>Dur\u00e9e du Film : 100 minutes<br>Distributeur: Diaphana Distribution<br>Partenaire : CANAL +, MK2, CINE +<\/p>\n","protected":false},"excerpt":{"rendered":"<p>Titre\u00a0:\u00a0SI TU VOYAIS SON COEURPays\u00a0:\u00a0FranceAnn\u00e9e de production\u00a0:\u00a02016Date de sortie pr\u00e9visionnelle : \u00a0fin\u00a02017Thriller, drame \u200b Synopsis\u00a0:\u00a0 Suite \u00e0 la mort accidentelle de son meilleur ami, Daniel \u00e9choue \u00e0 l\u2019h\u00f4tel M\u00e9tropole, un refuge pour les exclus et les \u00e2mes perdues. Rong\u00e9 par la culpabilit\u00e9, il sombre peu \u00e0 peu dans la violence qui l&#8217;entoure. Sa rencontre avec [&hellip;]<\/p>\n","protected":false},"author":1,"featured_media":0,"parent":0,"menu_order":0,"comment_status":"closed","ping_status":"closed","template":"","meta":{"footnotes":""},"class_list":["post-15","page","type-page","status-publish","hentry"],"_links":{"self":[{"href":"https:\/\/cpcf-films.fr\/index.php\/wp-json\/wp\/v2\/pages\/15","targetHints":{"allow":["GET"]}}],"collection":[{"href":"https:\/\/cpcf-films.fr\/index.php\/wp-json\/wp\/v2\/pages"}],"about":[{"href":"https:\/\/cpcf-films.fr\/index.php\/wp-json\/wp\/v2\/types\/page"}],"author":[{"embeddable":true,"href":"https:\/\/cpcf-films.fr\/index.php\/wp-json\/wp\/v2\/users\/1"}],"replies":[{"embeddable":true,"href":"https:\/\/cpcf-films.fr\/index.php\/wp-json\/wp\/v2\/comments?post=15"}],"version-history":[{"count":3,"href":"https:\/\/cpcf-films.fr\/index.php\/wp-json\/wp\/v2\/pages\/15\/revisions"}],"predecessor-version":[{"id":49,"href":"https:\/\/cpcf-films.fr\/index.php\/wp-json\/wp\/v2\/pages\/15\/revisions\/49"}],"wp:attachment":[{"href":"https:\/\/cpcf-films.fr\/index.php\/wp-json\/wp\/v2\/media?parent=15"}],"curies":[{"name":"wp","href":"https:\/\/api.w.org\/{rel}","templated":true}]}}