{"id":10,"date":"2023-07-17T18:32:05","date_gmt":"2023-07-17T16:32:05","guid":{"rendered":"http:\/\/cpcf-films.fr\/?page_id=10"},"modified":"2023-07-18T10:57:29","modified_gmt":"2023-07-18T08:57:29","slug":"tout-pour-etre-heureux","status":"publish","type":"page","link":"https:\/\/cpcf-films.fr\/index.php\/tout-pour-etre-heureux\/","title":{"rendered":"TOUT POUR ETRE HEUREUX"},"content":{"rendered":"<div class=\"wp-block-image\">\n<figure class=\"alignright size-full\"><img loading=\"lazy\" decoding=\"async\" width=\"452\" height=\"616\" src=\"http:\/\/cpcf-films.fr\/wp-content\/uploads\/2023\/07\/ToutPouretreHeureux.webp\" alt=\"\" class=\"wp-image-41\" srcset=\"https:\/\/cpcf-films.fr\/wp-content\/uploads\/2023\/07\/ToutPouretreHeureux.webp 452w, https:\/\/cpcf-films.fr\/wp-content\/uploads\/2023\/07\/ToutPouretreHeureux-220x300.webp 220w\" sizes=\"auto, (max-width: 452px) 100vw, 452px\" \/><\/figure>\n<\/div>\n\n\n<p>Titre\u00a0:\u00a0TOUT POUR ETRE HEUREUX<br>Pays\u00a0:\u00a0France<br>Ann\u00e9e de production\u00a0:\u00a02015<br>Date de sortie\u00a0: 13 AVRIL 2016<br>Entr\u00e9es France : 332 329<br>Com\u00e9die<\/p>\n\n\n\n<h2 class=\"wp-block-heading\">Synopsis\u00a0:<\/h2>\n\n\n\n<p>Antoine, 40 ans, manager de musique, quitte subitement sa femme Alice et leurs deux filles, pour une histoire sans lendemain. Lorsqu&#8217;Alice lui confie par surprise la garde des petites pendant quelques jours, Antoine va se retrouver sur un continent inconnu. Apr\u00e8s avoir quitt\u00e9 sa femme par nostalgie de sa libert\u00e9 d&#8217;antan, Antoine va se retrouver confront\u00e9 \u00e0 une nouvelle nostalgie, celle de sa vie de famille&#8230;<\/p>\n\n\n\n<h2 class=\"wp-block-heading\">Casting\u00a0:<\/h2>\n\n\n\n<p>MANU PAYET,\u00a0AUDREY LAMY,\u00a0AURE ATIKA,\u00a0PASCAL DEMOLON,\u00a0JOE BEL,\u00a0BRUNO CLAIREFOND<\/p>\n\n\n\n<h2 class=\"wp-block-heading\">Fiche technique<\/h2>\n\n\n\n<p>R\u00e9alisateur: CYRIL GELBLAT<br>Sc\u00e9nariste: CYRIL GELBLAT<br>Ecrivain: XAVIER DE MOLINS<br>Directeur de la photo: PIERRE-HUGUES GALIEN<br>Ing\u00e9nieur du son: THOMAS LASCAR<br>Compositeur: CONSTANCE DEMONTOY<br>D\u00e9corateur: PHILIPPE CHIFFRE<br>Costumier: ISABELLE MATHIEU<br>Production: CHAPKA FILMS, \u00a0VENDOME PRODUCTION<br>Producteur: LAETITITA GALITZINE, \u00a0PHILIPPE ROUSSELET<br>Producteur associ\u00e9: CPCF<br>Presse: ANTOINE DORDET, \u00a0DOMINIQUE SEGALL, \u00a0MATHIAS LASSERRE<br>Distributeur:UGC DISTRIBUTION<br>Ventes \u00e0 l&#8217;\u00e9tranger:TF1 INTERNATIONAL<br>Partenaire :TVCINE +, \u00a0FRANCE 2<\/p>\n\n\n\n<figure class=\"wp-block-gallery has-nested-images columns-default is-cropped wp-block-gallery-1 is-layout-flex wp-block-gallery-is-layout-flex\"><div class=\"wp-block-image\">\n<figure class=\"alignright size-large\"><img loading=\"lazy\" decoding=\"async\" width=\"446\" height=\"460\" data-id=\"46\" src=\"http:\/\/cpcf-films.fr\/wp-content\/uploads\/2023\/07\/Lamy.webp\" alt=\"\" class=\"wp-image-46\" srcset=\"https:\/\/cpcf-films.fr\/wp-content\/uploads\/2023\/07\/Lamy.webp 446w, https:\/\/cpcf-films.fr\/wp-content\/uploads\/2023\/07\/Lamy-291x300.webp 291w\" sizes=\"auto, (max-width: 446px) 100vw, 446px\" \/><\/figure>\n<\/div>\n\n\n<figure class=\"wp-block-image size-large\"><img loading=\"lazy\" decoding=\"async\" width=\"406\" height=\"270\" data-id=\"45\" src=\"http:\/\/cpcf-films.fr\/wp-content\/uploads\/2023\/07\/Atika.webp\" alt=\"\" class=\"wp-image-45\" srcset=\"https:\/\/cpcf-films.fr\/wp-content\/uploads\/2023\/07\/Atika.webp 406w, https:\/\/cpcf-films.fr\/wp-content\/uploads\/2023\/07\/Atika-300x200.webp 300w\" sizes=\"auto, (max-width: 406px) 100vw, 406px\" \/><\/figure>\n\n\n\n<figure class=\"wp-block-image size-large\"><img loading=\"lazy\" decoding=\"async\" width=\"468\" height=\"208\" data-id=\"44\" src=\"http:\/\/cpcf-films.fr\/wp-content\/uploads\/2023\/07\/demolon.webp\" alt=\"\" class=\"wp-image-44\" srcset=\"https:\/\/cpcf-films.fr\/wp-content\/uploads\/2023\/07\/demolon.webp 468w, https:\/\/cpcf-films.fr\/wp-content\/uploads\/2023\/07\/demolon-300x133.webp 300w\" sizes=\"auto, (max-width: 468px) 100vw, 468px\" \/><\/figure>\n\n\n\n<figure class=\"wp-block-image size-large\"><img loading=\"lazy\" decoding=\"async\" width=\"370\" height=\"556\" data-id=\"43\" src=\"http:\/\/cpcf-films.fr\/wp-content\/uploads\/2023\/07\/Payet-1.webp\" alt=\"\" class=\"wp-image-43\" srcset=\"https:\/\/cpcf-films.fr\/wp-content\/uploads\/2023\/07\/Payet-1.webp 370w, https:\/\/cpcf-films.fr\/wp-content\/uploads\/2023\/07\/Payet-1-200x300.webp 200w\" sizes=\"auto, (max-width: 370px) 100vw, 370px\" \/><\/figure>\n<\/figure>\n","protected":false},"excerpt":{"rendered":"<p>Titre\u00a0:\u00a0TOUT POUR ETRE HEUREUXPays\u00a0:\u00a0FranceAnn\u00e9e de production\u00a0:\u00a02015Date de sortie\u00a0: 13 AVRIL 2016Entr\u00e9es France : 332 329Com\u00e9die Synopsis\u00a0: Antoine, 40 ans, manager de musique, quitte subitement sa femme Alice et leurs deux filles, pour une histoire sans lendemain. Lorsqu&#8217;Alice lui confie par surprise la garde des petites pendant quelques jours, Antoine va se retrouver sur un continent [&hellip;]<\/p>\n","protected":false},"author":1,"featured_media":0,"parent":0,"menu_order":0,"comment_status":"closed","ping_status":"closed","template":"","meta":{"footnotes":""},"class_list":["post-10","page","type-page","status-publish","hentry"],"_links":{"self":[{"href":"https:\/\/cpcf-films.fr\/index.php\/wp-json\/wp\/v2\/pages\/10","targetHints":{"allow":["GET"]}}],"collection":[{"href":"https:\/\/cpcf-films.fr\/index.php\/wp-json\/wp\/v2\/pages"}],"about":[{"href":"https:\/\/cpcf-films.fr\/index.php\/wp-json\/wp\/v2\/types\/page"}],"author":[{"embeddable":true,"href":"https:\/\/cpcf-films.fr\/index.php\/wp-json\/wp\/v2\/users\/1"}],"replies":[{"embeddable":true,"href":"https:\/\/cpcf-films.fr\/index.php\/wp-json\/wp\/v2\/comments?post=10"}],"version-history":[{"count":4,"href":"https:\/\/cpcf-films.fr\/index.php\/wp-json\/wp\/v2\/pages\/10\/revisions"}],"predecessor-version":[{"id":47,"href":"https:\/\/cpcf-films.fr\/index.php\/wp-json\/wp\/v2\/pages\/10\/revisions\/47"}],"wp:attachment":[{"href":"https:\/\/cpcf-films.fr\/index.php\/wp-json\/wp\/v2\/media?parent=10"}],"curies":[{"name":"wp","href":"https:\/\/api.w.org\/{rel}","templated":true}]}}